{"id":12,"date":"2022-04-29T00:30:01","date_gmt":"2022-04-28T22:30:01","guid":{"rendered":"http:\/\/ibrahimabbassi.com\/?page_id=12"},"modified":"2022-08-06T01:32:35","modified_gmt":"2022-08-05T23:32:35","slug":"a-propos-de","status":"publish","type":"page","link":"https:\/\/ibrahimabbassi.com\/index.php\/a-propos-de\/","title":{"rendered":""},"content":{"rendered":"<div class=\"aligncenter wp-block-site-logo\"><a href=\"https:\/\/ibrahimabbassi.com\/\" class=\"custom-logo-link\" rel=\"home\"><img loading=\"lazy\" decoding=\"async\" width=\"320\" height=\"320\" src=\"https:\/\/ibrahimabbassi.com\/wp-content\/uploads\/2022\/04\/cropped-cropped-IA-Architect-Logo-v4-epure-a-1.jpg\" class=\"custom-logo\" alt=\"Architecture\" srcset=\"https:\/\/ibrahimabbassi.com\/wp-content\/uploads\/2022\/04\/cropped-cropped-IA-Architect-Logo-v4-epure-a-1.jpg 539w, https:\/\/ibrahimabbassi.com\/wp-content\/uploads\/2022\/04\/cropped-cropped-IA-Architect-Logo-v4-epure-a-1-300x300.jpg 300w, https:\/\/ibrahimabbassi.com\/wp-content\/uploads\/2022\/04\/cropped-cropped-IA-Architect-Logo-v4-epure-a-1-150x150.jpg 150w, https:\/\/ibrahimabbassi.com\/wp-content\/uploads\/2022\/04\/cropped-cropped-IA-Architect-Logo-v4-epure-a-1-60x60.jpg 60w\" sizes=\"auto, (max-width: 320px) 100vw, 320px\" \/><\/a><\/div>\n\n\n<p><\/p>\n\n\n\n<p>IA Architect a \u00e9t\u00e9 cr\u00e9\u00e9 en 2017, \u00e0 l\u2019initiative de l\u2019Architecte Ibrahim Ameur ABBASSI Architecte et Expert BIM.<\/p>\n\n\n\n<p>Nos services d\u2019\u00e9tudes de projets d&#8217;architecture concernent les b\u00e2timents publiques et culturels, les bureaux et les lieux de travail, l&#8217;h\u00f4tellerie et les b\u00e2timents r\u00e9sidentiels, la design d&#8217;int\u00e9rieur et de produits.<\/p>\n\n\n\n<p>La pratique du cabinet est diversifi\u00e9e, en plus des missions de l&#8217;architecte, gr\u00e2ce \u00e0 l\u2019expertise de notre \u00e9quipe et de nos partenaires nous offrons aussi des services en AMO BIM, mod\u00e9lisation, impl\u00e9mentation et formation sur des outils Autodesk en partenariat avec des centres de formation, nous avons intervenu sur des projets divers en Afrique, en Europe et au moyen orient.<\/p>\n\n\n\n<p>Les membres de notre \u00e9quipe internationale et nos partenaires poss\u00e8dent une vaste exp\u00e9rience et expertise dans divers domaines li\u00e9s \u00e0 la conception et au d\u00e9veloppement de projets \u00e0 la formation sur les produits Autodesk et dans le BIM.<\/p>\n\n\n\n<div class=\"wp-block-group\"><div class=\"wp-block-group__inner-container is-layout-flow wp-block-group-is-layout-flow\">\n<h3 class=\"has-text-align-center wp-block-heading\"><strong>Ibrahim Ameur ABBASSI<\/strong><\/h3>\n<\/div><\/div>\n\n\n\n<div class=\"wp-block-columns is-layout-flex wp-container-core-columns-is-layout-9d6595d7 wp-block-columns-is-layout-flex\">\n<div class=\"wp-block-column is-layout-flow wp-block-column-is-layout-flow\" style=\"flex-basis:100%\">\n<div class=\"wp-block-group\"><div class=\"wp-block-group__inner-container is-layout-flow wp-block-group-is-layout-flow\">\n<div class=\"wp-block-group\"><div class=\"wp-block-group__inner-container is-layout-flow wp-block-group-is-layout-flow\">\n<div class=\"wp-block-group\"><div class=\"wp-block-group__inner-container is-layout-flow wp-block-group-is-layout-flow\">\n<p><\/p>\n<\/div><\/div>\n\n\n\n<p>&nbsp;<\/p>\n\n\n\n<p><\/p>\n\n\n\n<p><\/p>\n\n\n\n<p><\/p>\n\n\n\n<p><\/p>\n\n\n\n<div class=\"wp-block-media-text alignwide is-stacked-on-mobile\" style=\"grid-template-columns:66% auto\"><figure class=\"wp-block-media-text__media\"><img loading=\"lazy\" decoding=\"async\" width=\"512\" height=\"512\" src=\"https:\/\/ibrahimabbassi.com\/wp-content\/uploads\/2022\/04\/cropped-cropped-Photo-2-Modifiee.jpg\" alt=\"\" class=\"wp-image-57 size-full\" srcset=\"https:\/\/ibrahimabbassi.com\/wp-content\/uploads\/2022\/04\/cropped-cropped-Photo-2-Modifiee.jpg 512w, https:\/\/ibrahimabbassi.com\/wp-content\/uploads\/2022\/04\/cropped-cropped-Photo-2-Modifiee-300x300.jpg 300w, https:\/\/ibrahimabbassi.com\/wp-content\/uploads\/2022\/04\/cropped-cropped-Photo-2-Modifiee-150x150.jpg 150w, https:\/\/ibrahimabbassi.com\/wp-content\/uploads\/2022\/04\/cropped-cropped-Photo-2-Modifiee-60x60.jpg 60w\" sizes=\"auto, (max-width: 512px) 100vw, 512px\" \/><\/figure><div class=\"wp-block-media-text__content\">\n<ul class=\"wp-block-list\" id=\"block-2f2ab171-2ca8-4ea5-8464-1f8a70423254\"><li>Architecte<\/li><li>Expert en BIM<\/li><li>Formateur Autodesk certifi\u00e9 Instructor<\/li><\/ul>\n\n\n\n<div class=\"wp-block-buttons alignfull is-layout-flex wp-block-buttons-is-layout-flex\">\n<div class=\"wp-block-button aligncenter is-style-outline is-style-outline--1\"><a class=\"wp-block-button__link\" href=\"https:\/\/www.linkedin.com\/in\/ibrahim-abbassi\" target=\"_blank\" rel=\"noreferrer noopener\">Linkedin<\/a><\/div>\n<\/div>\n<\/div><\/div>\n\n\n\n<p><\/p>\n\n\n\n<p><\/p>\n\n\n\n<p>Il a travaill\u00e9 chez plusieurs agences d&#8217;architecture Tunisiennes et franco canadiennes pendant des ann\u00e9es intervenant sur divers projets \u00e0 grande \u00e9chelle, durant ces ann\u00e9es et ses diverses missions il a collabor\u00e9 avec diverses \u00e9quipes multidisciplinaires.<\/p>\n\n\n\n<p><br>Cette exp\u00e9rience acquise de ce parcours lui a permis une bonne gestion des projets \u00e0 leurs diff\u00e9rentes phases d&#8217;\u00e9tudes et de chantier, \u00e0 diff\u00e9rents niveaux de d\u00e9tail en utilisant une m\u00e9thodologie BIM avec une haute maitrise des outils appropri\u00e9s tel que Autodesk Revit.<\/p>\n\n\n\n<p><br>Durant son parcours il a eu la chance d\u2019appr\u00e9hender diverses approches en design architectural&nbsp;:<\/p>\n\n\n\n<p>Une m\u00e9thode th\u00e9orique non conventionnelle orient\u00e9 plus vers la recherche en collaborant avec des th\u00e9oriciens tel que Philippe Barri\u00e8re \u00a0et une approche plus pragmatique et fonctionnelle des praticiens chez d\u2019autres agences.<\/p>\n<\/div><\/div>\n<\/div><\/div>\n<\/div>\n<\/div>\n\n\n\n<figure class=\"wp-block-video\"><video height=\"480\" style=\"aspect-ratio: 640 \/ 480;\" width=\"640\" controls src=\"http:\/\/ibrahimabbassi.com\/wp-content\/uploads\/2022\/08\/Exemple-video-IAA_480.mp4\"><\/video><\/figure>\n\n\n\n<p><\/p>\n","protected":false},"excerpt":{"rendered":"<p>IA Architect a \u00e9t\u00e9 cr\u00e9\u00e9 en 2017, \u00e0 l\u2019initiative de l\u2019Architecte Ibrahim [&hellip;]<\/p>\n","protected":false},"author":1,"featured_media":0,"parent":0,"menu_order":0,"comment_status":"closed","ping_status":"closed","template":"","meta":{"footnotes":""},"class_list":["post-12","page","type-page","status-publish","hentry"],"yoast_head":"<!-- This site is optimized with the Yoast SEO plugin v19.6 - https:\/\/yoast.com\/wordpress\/plugins\/seo\/ -->\n<title>- Ibrahim Abbassi Architecte<\/title>\n<meta name=\"robots\" content=\"index, follow, max-snippet:-1, max-image-preview:large, max-video-preview:-1\" \/>\n<link rel=\"canonical\" href=\"https:\/\/ibrahimabbassi.com\/index.php\/a-propos-de\/\" \/>\n<meta property=\"og:locale\" content=\"en_US\" \/>\n<meta property=\"og:type\" content=\"article\" \/>\n<meta property=\"og:title\" content=\"- Ibrahim Abbassi Architecte\" \/>\n<meta property=\"og:description\" content=\"IA Architect a \u00e9t\u00e9 cr\u00e9\u00e9 en 2017, \u00e0 l\u2019initiative de l\u2019Architecte Ibrahim [&hellip;]\" \/>\n<meta property=\"og:url\" content=\"https:\/\/ibrahimabbassi.com\/index.php\/a-propos-de\/\" \/>\n<meta property=\"og:site_name\" content=\"Ibrahim Abbassi Architecte\" \/>\n<meta property=\"article:modified_time\" content=\"2022-08-05T23:32:35+00:00\" \/>\n<meta property=\"og:image\" content=\"https:\/\/ibrahimabbassi.com\/wp-content\/uploads\/2022\/04\/cropped-cropped-Photo-2-Modifiee.jpg\" \/>\n<meta name=\"twitter:card\" content=\"summary_large_image\" \/>\n<meta name=\"twitter:label1\" content=\"Est. reading time\" \/>\n\t<meta name=\"twitter:data1\" content=\"2 minutes\" \/>\n<script type=\"application\/ld+json\" class=\"yoast-schema-graph\">{\"@context\":\"https:\/\/schema.org\",\"@graph\":[{\"@type\":\"WebPage\",\"@id\":\"https:\/\/ibrahimabbassi.com\/index.php\/a-propos-de\/\",\"url\":\"https:\/\/ibrahimabbassi.com\/index.php\/a-propos-de\/\",\"name\":\"- Ibrahim Abbassi Architecte\",\"isPartOf\":{\"@id\":\"https:\/\/ibrahimabbassi.com\/#website\"},\"datePublished\":\"2022-04-28T22:30:01+00:00\",\"dateModified\":\"2022-08-05T23:32:35+00:00\",\"breadcrumb\":{\"@id\":\"https:\/\/ibrahimabbassi.com\/index.php\/a-propos-de\/#breadcrumb\"},\"inLanguage\":\"en-US\",\"potentialAction\":[{\"@type\":\"ReadAction\",\"target\":[\"https:\/\/ibrahimabbassi.com\/index.php\/a-propos-de\/\"]}]},{\"@type\":\"BreadcrumbList\",\"@id\":\"https:\/\/ibrahimabbassi.com\/index.php\/a-propos-de\/#breadcrumb\",\"itemListElement\":[{\"@type\":\"ListItem\",\"position\":1,\"name\":\"Accueil\",\"item\":\"https:\/\/ibrahimabbassi.com\/\"},{\"@type\":\"ListItem\",\"position\":2,\"name\":\"\"}]},{\"@type\":\"WebSite\",\"@id\":\"https:\/\/ibrahimabbassi.com\/#website\",\"url\":\"https:\/\/ibrahimabbassi.com\/\",\"name\":\"Ibrahim Abbassi Architecte\",\"description\":\"Expert BIM &amp; Formateur Autodesk certifi\u00e9\",\"publisher\":{\"@id\":\"https:\/\/ibrahimabbassi.com\/#organization\"},\"potentialAction\":[{\"@type\":\"SearchAction\",\"target\":{\"@type\":\"EntryPoint\",\"urlTemplate\":\"https:\/\/ibrahimabbassi.com\/?s={search_term_string}\"},\"query-input\":\"required name=search_term_string\"}],\"inLanguage\":\"en-US\"},{\"@type\":\"Organization\",\"@id\":\"https:\/\/ibrahimabbassi.com\/#organization\",\"name\":\"Ibrahim Abbassi Architecte\",\"url\":\"https:\/\/ibrahimabbassi.com\/\",\"sameAs\":[],\"logo\":{\"@type\":\"ImageObject\",\"inLanguage\":\"en-US\",\"@id\":\"https:\/\/ibrahimabbassi.com\/#\/schema\/logo\/image\/\",\"url\":\"https:\/\/ibrahimabbassi.com\/wp-content\/uploads\/2022\/04\/cropped-cropped-IA-Architect-Logo-v4-epure-a-1.jpg\",\"contentUrl\":\"https:\/\/ibrahimabbassi.com\/wp-content\/uploads\/2022\/04\/cropped-cropped-IA-Architect-Logo-v4-epure-a-1.jpg\",\"width\":539,\"height\":539,\"caption\":\"Ibrahim Abbassi Architecte\"},\"image\":{\"@id\":\"https:\/\/ibrahimabbassi.com\/#\/schema\/logo\/image\/\"}}]}<\/script>\n<!-- \/ Yoast SEO plugin. -->","yoast_head_json":{"title":"- Ibrahim Abbassi Architecte","robots":{"index":"index","follow":"follow","max-snippet":"max-snippet:-1","max-image-preview":"max-image-preview:large","max-video-preview":"max-video-preview:-1"},"canonical":"https:\/\/ibrahimabbassi.com\/index.php\/a-propos-de\/","og_locale":"en_US","og_type":"article","og_title":"- Ibrahim Abbassi Architecte","og_description":"IA Architect a \u00e9t\u00e9 cr\u00e9\u00e9 en 2017, \u00e0 l\u2019initiative de l\u2019Architecte Ibrahim [&hellip;]","og_url":"https:\/\/ibrahimabbassi.com\/index.php\/a-propos-de\/","og_site_name":"Ibrahim Abbassi Architecte","article_modified_time":"2022-08-05T23:32:35+00:00","og_image":[{"url":"https:\/\/ibrahimabbassi.com\/wp-content\/uploads\/2022\/04\/cropped-cropped-Photo-2-Modifiee.jpg"}],"twitter_card":"summary_large_image","twitter_misc":{"Est. reading time":"2 minutes"},"schema":{"@context":"https:\/\/schema.org","@graph":[{"@type":"WebPage","@id":"https:\/\/ibrahimabbassi.com\/index.php\/a-propos-de\/","url":"https:\/\/ibrahimabbassi.com\/index.php\/a-propos-de\/","name":"- Ibrahim Abbassi Architecte","isPartOf":{"@id":"https:\/\/ibrahimabbassi.com\/#website"},"datePublished":"2022-04-28T22:30:01+00:00","dateModified":"2022-08-05T23:32:35+00:00","breadcrumb":{"@id":"https:\/\/ibrahimabbassi.com\/index.php\/a-propos-de\/#breadcrumb"},"inLanguage":"en-US","potentialAction":[{"@type":"ReadAction","target":["https:\/\/ibrahimabbassi.com\/index.php\/a-propos-de\/"]}]},{"@type":"BreadcrumbList","@id":"https:\/\/ibrahimabbassi.com\/index.php\/a-propos-de\/#breadcrumb","itemListElement":[{"@type":"ListItem","position":1,"name":"Accueil","item":"https:\/\/ibrahimabbassi.com\/"},{"@type":"ListItem","position":2,"name":""}]},{"@type":"WebSite","@id":"https:\/\/ibrahimabbassi.com\/#website","url":"https:\/\/ibrahimabbassi.com\/","name":"Ibrahim Abbassi Architecte","description":"Expert BIM &amp; Formateur Autodesk certifi\u00e9","publisher":{"@id":"https:\/\/ibrahimabbassi.com\/#organization"},"potentialAction":[{"@type":"SearchAction","target":{"@type":"EntryPoint","urlTemplate":"https:\/\/ibrahimabbassi.com\/?s={search_term_string}"},"query-input":"required name=search_term_string"}],"inLanguage":"en-US"},{"@type":"Organization","@id":"https:\/\/ibrahimabbassi.com\/#organization","name":"Ibrahim Abbassi Architecte","url":"https:\/\/ibrahimabbassi.com\/","sameAs":[],"logo":{"@type":"ImageObject","inLanguage":"en-US","@id":"https:\/\/ibrahimabbassi.com\/#\/schema\/logo\/image\/","url":"https:\/\/ibrahimabbassi.com\/wp-content\/uploads\/2022\/04\/cropped-cropped-IA-Architect-Logo-v4-epure-a-1.jpg","contentUrl":"https:\/\/ibrahimabbassi.com\/wp-content\/uploads\/2022\/04\/cropped-cropped-IA-Architect-Logo-v4-epure-a-1.jpg","width":539,"height":539,"caption":"Ibrahim Abbassi Architecte"},"image":{"@id":"https:\/\/ibrahimabbassi.com\/#\/schema\/logo\/image\/"}}]}},"_links":{"self":[{"href":"https:\/\/ibrahimabbassi.com\/index.php\/wp-json\/wp\/v2\/pages\/12","targetHints":{"allow":["GET"]}}],"collection":[{"href":"https:\/\/ibrahimabbassi.com\/index.php\/wp-json\/wp\/v2\/pages"}],"about":[{"href":"https:\/\/ibrahimabbassi.com\/index.php\/wp-json\/wp\/v2\/types\/page"}],"author":[{"embeddable":true,"href":"https:\/\/ibrahimabbassi.com\/index.php\/wp-json\/wp\/v2\/users\/1"}],"replies":[{"embeddable":true,"href":"https:\/\/ibrahimabbassi.com\/index.php\/wp-json\/wp\/v2\/comments?post=12"}],"version-history":[{"count":24,"href":"https:\/\/ibrahimabbassi.com\/index.php\/wp-json\/wp\/v2\/pages\/12\/revisions"}],"predecessor-version":[{"id":239,"href":"https:\/\/ibrahimabbassi.com\/index.php\/wp-json\/wp\/v2\/pages\/12\/revisions\/239"}],"wp:attachment":[{"href":"https:\/\/ibrahimabbassi.com\/index.php\/wp-json\/wp\/v2\/media?parent=12"}],"curies":[{"name":"wp","href":"https:\/\/api.w.org\/{rel}","templated":true}]}}