{"id":115,"date":"2022-08-04T11:27:06","date_gmt":"2022-08-04T09:27:06","guid":{"rendered":"https:\/\/ibrahimabbassi.com\/?page_id=115"},"modified":"2022-08-06T02:41:34","modified_gmt":"2022-08-06T00:41:34","slug":"accueil","status":"publish","type":"page","link":"https:\/\/ibrahimabbassi.com\/","title":{"rendered":""},"content":{"rendered":"\n<p>&#8220;L&#8217;architecture est la m\u00e8re de tous les arts. Sans une architecture bien \u00e0 nous, notre civilisation n&#8217;a pas d&#8217;\u00e2me&#8221; Frank Lloyd Wright<\/p>\n\n\n\n<p>Une belle Architecture est le mariage de plusieurs aspects le fonctionnel, l&#8217;esth\u00e9tique, l&#8217;harmonie, et l&#8217;innovation, une \u0153uvre architecturale est le meilleur outil d&#8217;expression, elle peut communiquer toutes les couleurs et les variations de l&#8217;\u00e9motion humaine, c&#8217;est un moyen unique de fusionner les autres six arts dans cet art premier qu&#8217;est l&#8217;Architecture.<\/p>\n\n\n\n<p>Notre \u00e9quipe est investie dans la mise en pratique de cette vision dans vos projets, chaque projet est unique et n\u00e9cessite une approche differente toujours \u00e0 la recherche de plus d&#8217;innovation et de creativit\u00e9 qui sont les bases du progr\u00e8s dans tout domaine.<\/p>\n\n\n\n<figure class=\"wp-block-embed is-type-video is-provider-youtube wp-block-embed-youtube wp-embed-aspect-16-9 wp-has-aspect-ratio\"><div class=\"wp-block-embed__wrapper\">\n<iframe loading=\"lazy\" title=\"Lorenzo House IA Architect\" width=\"1170\" height=\"658\" src=\"https:\/\/www.youtube.com\/embed\/LhY3nN7g9Es?feature=oembed\" frameborder=\"0\" allow=\"accelerometer; autoplay; clipboard-write; encrypted-media; gyroscope; picture-in-picture\" allowfullscreen><\/iframe>\n<\/div><\/figure>\n","protected":false},"excerpt":{"rendered":"<p>&#8220;L&#8217;architecture est la m\u00e8re de tous les arts. Sans une architecture bien [&hellip;]<\/p>\n","protected":false},"author":1,"featured_media":0,"parent":0,"menu_order":0,"comment_status":"closed","ping_status":"closed","template":"","meta":{"footnotes":""},"class_list":["post-115","page","type-page","status-publish","hentry"],"yoast_head":"<!-- This site is optimized with the Yoast SEO plugin v19.6 - https:\/\/yoast.com\/wordpress\/plugins\/seo\/ -->\n<title>- Ibrahim Abbassi Architecte<\/title>\n<meta name=\"robots\" content=\"index, follow, max-snippet:-1, max-image-preview:large, max-video-preview:-1\" \/>\n<link rel=\"canonical\" href=\"https:\/\/ibrahimabbassi.com\/\" \/>\n<meta property=\"og:locale\" content=\"en_US\" \/>\n<meta property=\"og:type\" content=\"article\" \/>\n<meta property=\"og:title\" content=\"- Ibrahim Abbassi Architecte\" \/>\n<meta property=\"og:description\" content=\"&#8220;L&#8217;architecture est la m\u00e8re de tous les arts. Sans une architecture bien [&hellip;]\" \/>\n<meta property=\"og:url\" content=\"https:\/\/ibrahimabbassi.com\/\" \/>\n<meta property=\"og:site_name\" content=\"Ibrahim Abbassi Architecte\" \/>\n<meta property=\"article:modified_time\" content=\"2022-08-06T00:41:34+00:00\" \/>\n<meta name=\"twitter:card\" content=\"summary_large_image\" \/>\n<meta name=\"twitter:label1\" content=\"Est. reading time\" \/>\n\t<meta name=\"twitter:data1\" content=\"1 minute\" \/>\n<script type=\"application\/ld+json\" class=\"yoast-schema-graph\">{\"@context\":\"https:\/\/schema.org\",\"@graph\":[{\"@type\":\"WebPage\",\"@id\":\"https:\/\/ibrahimabbassi.com\/\",\"url\":\"https:\/\/ibrahimabbassi.com\/\",\"name\":\"- Ibrahim Abbassi Architecte\",\"isPartOf\":{\"@id\":\"https:\/\/ibrahimabbassi.com\/#website\"},\"datePublished\":\"2022-08-04T09:27:06+00:00\",\"dateModified\":\"2022-08-06T00:41:34+00:00\",\"breadcrumb\":{\"@id\":\"https:\/\/ibrahimabbassi.com\/#breadcrumb\"},\"inLanguage\":\"en-US\",\"potentialAction\":[{\"@type\":\"ReadAction\",\"target\":[\"https:\/\/ibrahimabbassi.com\/\"]}]},{\"@type\":\"BreadcrumbList\",\"@id\":\"https:\/\/ibrahimabbassi.com\/#breadcrumb\",\"itemListElement\":[{\"@type\":\"ListItem\",\"position\":1,\"name\":\"Accueil\",\"item\":\"https:\/\/ibrahimabbassi.com\/\"},{\"@type\":\"ListItem\",\"position\":2,\"name\":\"\"}]},{\"@type\":\"WebSite\",\"@id\":\"https:\/\/ibrahimabbassi.com\/#website\",\"url\":\"https:\/\/ibrahimabbassi.com\/\",\"name\":\"Ibrahim Abbassi Architecte\",\"description\":\"Expert BIM &amp; Formateur Autodesk certifi\u00e9\",\"publisher\":{\"@id\":\"https:\/\/ibrahimabbassi.com\/#organization\"},\"potentialAction\":[{\"@type\":\"SearchAction\",\"target\":{\"@type\":\"EntryPoint\",\"urlTemplate\":\"https:\/\/ibrahimabbassi.com\/?s={search_term_string}\"},\"query-input\":\"required name=search_term_string\"}],\"inLanguage\":\"en-US\"},{\"@type\":\"Organization\",\"@id\":\"https:\/\/ibrahimabbassi.com\/#organization\",\"name\":\"Ibrahim Abbassi Architecte\",\"url\":\"https:\/\/ibrahimabbassi.com\/\",\"sameAs\":[],\"logo\":{\"@type\":\"ImageObject\",\"inLanguage\":\"en-US\",\"@id\":\"https:\/\/ibrahimabbassi.com\/#\/schema\/logo\/image\/\",\"url\":\"https:\/\/ibrahimabbassi.com\/wp-content\/uploads\/2022\/04\/cropped-cropped-IA-Architect-Logo-v4-epure-a-1.jpg\",\"contentUrl\":\"https:\/\/ibrahimabbassi.com\/wp-content\/uploads\/2022\/04\/cropped-cropped-IA-Architect-Logo-v4-epure-a-1.jpg\",\"width\":539,\"height\":539,\"caption\":\"Ibrahim Abbassi Architecte\"},\"image\":{\"@id\":\"https:\/\/ibrahimabbassi.com\/#\/schema\/logo\/image\/\"}}]}<\/script>\n<!-- \/ Yoast SEO plugin. -->","yoast_head_json":{"title":"- Ibrahim Abbassi Architecte","robots":{"index":"index","follow":"follow","max-snippet":"max-snippet:-1","max-image-preview":"max-image-preview:large","max-video-preview":"max-video-preview:-1"},"canonical":"https:\/\/ibrahimabbassi.com\/","og_locale":"en_US","og_type":"article","og_title":"- Ibrahim Abbassi Architecte","og_description":"&#8220;L&#8217;architecture est la m\u00e8re de tous les arts. Sans une architecture bien [&hellip;]","og_url":"https:\/\/ibrahimabbassi.com\/","og_site_name":"Ibrahim Abbassi Architecte","article_modified_time":"2022-08-06T00:41:34+00:00","twitter_card":"summary_large_image","twitter_misc":{"Est. reading time":"1 minute"},"schema":{"@context":"https:\/\/schema.org","@graph":[{"@type":"WebPage","@id":"https:\/\/ibrahimabbassi.com\/","url":"https:\/\/ibrahimabbassi.com\/","name":"- Ibrahim Abbassi Architecte","isPartOf":{"@id":"https:\/\/ibrahimabbassi.com\/#website"},"datePublished":"2022-08-04T09:27:06+00:00","dateModified":"2022-08-06T00:41:34+00:00","breadcrumb":{"@id":"https:\/\/ibrahimabbassi.com\/#breadcrumb"},"inLanguage":"en-US","potentialAction":[{"@type":"ReadAction","target":["https:\/\/ibrahimabbassi.com\/"]}]},{"@type":"BreadcrumbList","@id":"https:\/\/ibrahimabbassi.com\/#breadcrumb","itemListElement":[{"@type":"ListItem","position":1,"name":"Accueil","item":"https:\/\/ibrahimabbassi.com\/"},{"@type":"ListItem","position":2,"name":""}]},{"@type":"WebSite","@id":"https:\/\/ibrahimabbassi.com\/#website","url":"https:\/\/ibrahimabbassi.com\/","name":"Ibrahim Abbassi Architecte","description":"Expert BIM &amp; Formateur Autodesk certifi\u00e9","publisher":{"@id":"https:\/\/ibrahimabbassi.com\/#organization"},"potentialAction":[{"@type":"SearchAction","target":{"@type":"EntryPoint","urlTemplate":"https:\/\/ibrahimabbassi.com\/?s={search_term_string}"},"query-input":"required name=search_term_string"}],"inLanguage":"en-US"},{"@type":"Organization","@id":"https:\/\/ibrahimabbassi.com\/#organization","name":"Ibrahim Abbassi Architecte","url":"https:\/\/ibrahimabbassi.com\/","sameAs":[],"logo":{"@type":"ImageObject","inLanguage":"en-US","@id":"https:\/\/ibrahimabbassi.com\/#\/schema\/logo\/image\/","url":"https:\/\/ibrahimabbassi.com\/wp-content\/uploads\/2022\/04\/cropped-cropped-IA-Architect-Logo-v4-epure-a-1.jpg","contentUrl":"https:\/\/ibrahimabbassi.com\/wp-content\/uploads\/2022\/04\/cropped-cropped-IA-Architect-Logo-v4-epure-a-1.jpg","width":539,"height":539,"caption":"Ibrahim Abbassi Architecte"},"image":{"@id":"https:\/\/ibrahimabbassi.com\/#\/schema\/logo\/image\/"}}]}},"_links":{"self":[{"href":"https:\/\/ibrahimabbassi.com\/index.php\/wp-json\/wp\/v2\/pages\/115","targetHints":{"allow":["GET"]}}],"collection":[{"href":"https:\/\/ibrahimabbassi.com\/index.php\/wp-json\/wp\/v2\/pages"}],"about":[{"href":"https:\/\/ibrahimabbassi.com\/index.php\/wp-json\/wp\/v2\/types\/page"}],"author":[{"embeddable":true,"href":"https:\/\/ibrahimabbassi.com\/index.php\/wp-json\/wp\/v2\/users\/1"}],"replies":[{"embeddable":true,"href":"https:\/\/ibrahimabbassi.com\/index.php\/wp-json\/wp\/v2\/comments?post=115"}],"version-history":[{"count":11,"href":"https:\/\/ibrahimabbassi.com\/index.php\/wp-json\/wp\/v2\/pages\/115\/revisions"}],"predecessor-version":[{"id":240,"href":"https:\/\/ibrahimabbassi.com\/index.php\/wp-json\/wp\/v2\/pages\/115\/revisions\/240"}],"wp:attachment":[{"href":"https:\/\/ibrahimabbassi.com\/index.php\/wp-json\/wp\/v2\/media?parent=115"}],"curies":[{"name":"wp","href":"https:\/\/api.w.org\/{rel}","templated":true}]}}